{"id":47,"date":"2021-10-06T10:02:38","date_gmt":"2021-10-06T08:02:38","guid":{"rendered":"http:\/\/localhost:8888\/zzki\/?page_id=47"},"modified":"2025-06-17T11:15:42","modified_gmt":"2025-06-17T09:15:42","slug":"zukunftszentrum-ki-nrw","status":"publish","type":"page","link":"https:\/\/sgp-digital.de\/zuz\/zukunftszentrum-ki-nrw\/","title":{"rendered":"Transformation, Partizipation und Nachhaltigkeit"},"content":{"rendered":"\n<p><strong>Unser Ziel ist es, die Chancen und Potentiale von Digitalisierung im betrieblichen Umfeld zu nutzen und so Unternehmen in ihrer Wettbewerbsf\u00e4higkeit zu st\u00e4rken.<\/strong><\/p>\n\n\n\n<p>Zentrale Aufgabe des Zukunftszentrums KI NRW ist die Unterst\u00fctzung von kleinen und mittleren Unternehmen (KMU) sowie deren Besch\u00e4ftigten durch praxisnahe Beratung und Weiterbildung.<\/p>\n\n\n\n<h2 class=\"wp-block-heading has-red-color has-text-color has-link-color wp-elements-7b366cfff067e2028e881d3d1d6e7db2\" id=\"arbeit-besser-machen\">Arbeit besser machen<\/h2>\n\n\n\n<p>Wir sind der Meinung, dass Digitalisierung und der Einsatz von K\u00fcnstlicher Intelligenz (KI) Arbeit besser machen k\u00f6nnen. Daher haben wir uns f\u00fcr einen sozialpartnerschaftlichen Ansatz entschieden, in dem wir ein einzigartiges Beratungsangebot entwickelt haben, das die Belange aller Beteiligten in Unternehmen ber\u00fccksichtigt und integriert. <\/p>\n\n\n\n<p>Wir legen Wert auf Beratung auf Augenh\u00f6he, die sich an der individuellen Praxis in den Unternehmen orientiert.<\/p>\n\n\n\n<h2 class=\"wp-block-heading has-red-color has-text-color has-link-color wp-elements-92df1b98f7185b17cca13329fb987608\" id=\"mensch-und-maschine-verstehen\">Mensch UND Maschine verstehen<\/h2>\n\n\n\n<p>Unsere gro\u00dfe St\u00e4rke ist das Konsortium aus f\u00fcnf starken Partner:innen. Unsere heterogenen Kompetenzen stellen sicher, dass die Belange sowohl von Arbeitgeber:innen als auch von Arbeitnehmer:innen ber\u00fccksichtigt werden und wir gleichzeitig mit gro\u00dfer Technologiekompetenz beraten k\u00f6nnen.<\/p>\n\n\n\n<h2 class=\"wp-block-heading has-red-color has-text-color\" id=\"wir-wollen\">Wir wollen<\/h2>\n\n\n\n<ul class=\"wp-block-list\">\n<li>&#8230; den Nutzen digitaler Anwendungen und KI gemeinsam mit den Unternehmensf\u00fchrungen und Besch\u00e4ftigten herausarbeiten.<\/li>\n\n\n\n<li>&#8230; Bedenken und Vorbehalte durch praxisnahe Beratung und Weiterbildung abbauen.<\/li>\n\n\n\n<li>&#8230; neue und innovative Arbeits- und Gesch\u00e4ftsprozesse ansto\u00dfen.<\/li>\n<\/ul>\n\n\n\n<hr class=\"wp-block-separator has-alpha-channel-opacity\"\/>\n\n\n\n<h2 class=\"wp-block-heading has-red-color has-text-color has-link-color wp-elements-3702ae2a1dbf9286c0747512eb66dd1c\">Das Konsortium des Zukunftszentrums KI NRW<\/h2>\n\n\n\n<figure class=\"wp-block-embed is-type-video is-provider-youtube wp-block-embed-youtube wp-embed-aspect-16-9 wp-has-aspect-ratio\"><div class=\"wp-block-embed__wrapper\">\n<iframe loading=\"lazy\" title=\"Die Konsortialpartner des Zukunftszentrum KI NRW 2021\/22\" width=\"500\" height=\"281\" src=\"https:\/\/www.youtube.com\/embed\/lY8M1INuqRs?feature=oembed\" frameborder=\"0\" allow=\"accelerometer; autoplay; clipboard-write; encrypted-media; gyroscope; picture-in-picture; web-share\" referrerpolicy=\"strict-origin-when-cross-origin\" allowfullscreen><\/iframe>\n<\/div><\/figure>\n\n\n\n<hr class=\"wp-block-separator has-alpha-channel-opacity\"\/>\n\n\n\n<h2 class=\"wp-block-heading has-red-color has-text-color\">Referenzen<\/h2>\n\n\n\n<figure class=\"wp-block-embed is-type-video is-provider-youtube wp-block-embed-youtube wp-embed-aspect-16-9 wp-has-aspect-ratio\"><div class=\"wp-block-embed__wrapper\">\n<iframe loading=\"lazy\" title=\"Best Practice Zukunftszentrum KI NRW 2021\/22\" width=\"500\" height=\"281\" src=\"https:\/\/www.youtube.com\/embed\/wDMF9EBERJ8?feature=oembed\" frameborder=\"0\" allow=\"accelerometer; autoplay; clipboard-write; encrypted-media; gyroscope; picture-in-picture; web-share\" referrerpolicy=\"strict-origin-when-cross-origin\" allowfullscreen><\/iframe>\n<\/div><\/figure>\n","protected":false},"excerpt":{"rendered":"<p>Unser Ziel ist es, die Chancen und Potentiale von Digitalisierung im betrieblichen Umfeld zu nutzen &#8230;<\/p>\n","protected":false},"author":1,"featured_media":312,"parent":0,"menu_order":0,"comment_status":"closed","ping_status":"closed","template":"","meta":{"_acf_changed":false,"footnotes":""},"class_list":["post-47","page","type-page","status-publish","has-post-thumbnail","hentry"],"acf":[],"_links":{"self":[{"href":"https:\/\/sgp-digital.de\/zuz\/wp-json\/wp\/v2\/pages\/47","targetHints":{"allow":["GET"]}}],"collection":[{"href":"https:\/\/sgp-digital.de\/zuz\/wp-json\/wp\/v2\/pages"}],"about":[{"href":"https:\/\/sgp-digital.de\/zuz\/wp-json\/wp\/v2\/types\/page"}],"author":[{"embeddable":true,"href":"https:\/\/sgp-digital.de\/zuz\/wp-json\/wp\/v2\/users\/1"}],"replies":[{"embeddable":true,"href":"https:\/\/sgp-digital.de\/zuz\/wp-json\/wp\/v2\/comments?post=47"}],"version-history":[{"count":48,"href":"https:\/\/sgp-digital.de\/zuz\/wp-json\/wp\/v2\/pages\/47\/revisions"}],"predecessor-version":[{"id":6401,"href":"https:\/\/sgp-digital.de\/zuz\/wp-json\/wp\/v2\/pages\/47\/revisions\/6401"}],"wp:featuredmedia":[{"embeddable":true,"href":"https:\/\/sgp-digital.de\/zuz\/wp-json\/wp\/v2\/media\/312"}],"wp:attachment":[{"href":"https:\/\/sgp-digital.de\/zuz\/wp-json\/wp\/v2\/media?parent=47"}],"curies":[{"name":"wp","href":"https:\/\/api.w.org\/{rel}","templated":true}]}}