{"id":3525,"date":"2023-01-11T15:09:21","date_gmt":"2023-01-11T14:09:21","guid":{"rendered":"https:\/\/www.zukunftszentrum-ki.nrw\/?page_id=3525"},"modified":"2025-06-17T11:18:02","modified_gmt":"2025-06-17T09:18:02","slug":"zielgruppen","status":"publish","type":"page","link":"https:\/\/sgp-digital.de\/zuz\/zielgruppen\/","title":{"rendered":"Zielgruppen"},"content":{"rendered":"\n<h2 class=\"wp-block-heading has-red-color has-text-color\">Unternehmensleitungen<\/h2>\n\n\n\n<p><strong>Als Unternehmensverantwortlicher treffen Sie die endg\u00fcltige Entscheidung, wenn es um innovative Ver\u00e4nderungen geht. <\/strong>Sie tragen die Verantwortung f\u00fcr den Unternehmenserfolg und f\u00fcr Ihre Mitarbeitenden. Fundierte Informationen und eine kompetente fachliche Beratung machen es Ihnen leichter, technologische und strukturelle Ver\u00e4nderungen zu wagen, um den digitalen Wandeln auch mit Ihrem Unternehmen mitzugehen.<\/p>\n\n\n\n<hr class=\"wp-block-separator has-alpha-channel-opacity\"\/>\n\n\n\n<h2 class=\"wp-block-heading has-red-color has-text-color has-link-color wp-elements-77eac277510ab9693a796565aa90ffab\">Besch\u00e4ftigte<\/h2>\n\n\n\n<p><strong>Als Arbeits-, Fach- oder F\u00fchrungskraft haben Sie besonders gute Einblicke in die Arbeitsabl\u00e4ufe Ihres Unternehmens.<\/strong> Sie sehen Defizite und erkennen Ver\u00e4nderungspotentiale, damit Gesch\u00e4ftsprozesse in Ihrer Abteilung effizienter, sicherer, nachhaltiger werden. Um Ver\u00e4nderungen f\u00fcr Ihr Unternehmen anzusto\u00dfen, bedarf es fundierte Kenntnisse \u00fcber Potentiale und Realisierungsm\u00f6glichkeiten \u2013 hierf\u00fcr sind wir Ihr Ansprechpartner.<\/p>\n\n\n\n<hr class=\"wp-block-separator has-alpha-channel-opacity\"\/>\n\n\n\n<h2 class=\"wp-block-heading has-red-color has-text-color\">Interessenvertretungen<\/h2>\n\n\n\n<p><strong>Als Betriebsrat, Personalvertretung oder Mitarbeitervertretung setzen Sie sich f\u00fcr die Belegschaft ein.<\/strong> Um sich mit den Ver\u00e4nderungen im Betrieb auseinandersetzen zu k\u00f6nnen, ist Qualifizierung ein wichtiges Thema \u2013 sowohl f\u00fcr die Belegschaft als auch f\u00fcr Sie selbst. Als Ansprechpartner bei den Themenfeldern Digitalisierung und KI bieten wir Ihnen Weiterbildung und externen Sachverstand. Wir unterst\u00fctzen Sie damit bei der Umsetzung Ihrer betrieblichen Vorhaben.<\/p>\n\n\n\n<hr class=\"wp-block-separator has-alpha-channel-opacity\"\/>\n\n\n\n<h2 class=\"wp-block-heading has-red-color has-text-color\">Multiplikatoren<\/h2>\n\n\n\n<p><strong>Sie sind z.B. eine Beratungsstelle oder ein Netzwerk und haben Kontakt zu Unternehmen.<\/strong> Gerne k\u00f6nnen Sie mitwirken, damit unsere Angebote die richtigen Adressaten erreichen. Indem Sie auf uns als Zukunftszentrum KI NRW aufmerksam machen oder gezielte Angebote und Leistungen vorschlagen, unterst\u00fctzen Sie uns und treten gleichzeitig selbst in den Fokus der \u00d6ffentlichkeit. Im selben Zug bewerben wir gerne auch Ihre Leistungen und Angebote. Umso gr\u00f6\u00dfer die jeweilige Reichweite, desto mehr Menschen erreichen wir gemeinsam.<\/p>\n\n\n\n<hr class=\"wp-block-separator has-alpha-channel-opacity\"\/>\n\n\n\n<h2 class=\"wp-block-heading has-red-color has-text-color\">Kooperationspartner<\/h2>\n\n\n\n<p><strong>Mit Ihrer Initiative, Ihrer Organisation oder Ihrem Projekt verfolgen Sie \u00e4hnliche Ziele, wie wir als Zukunftszentrum KI NRW.<\/strong> Sie sind wie wir davon \u00fcberzeugt, dass wir gemeinsam noch mehr bewirken k\u00f6nnen. Lassen Sie uns zusammen Schnittstellen und Synergien nutzen, um mit gemeinsam entwickelten Formaten und Leistungen noch mehr Unternehmen zu erreichen und diese f\u00fcr den digitalen Wandel zu bef\u00e4higen. Treten Sie gerne mit vagen Vorstellungen oder mit konkreten Ideen mit uns in Kontakt.<\/p>\n","protected":false},"excerpt":{"rendered":"<p>Unternehmensleitungen Als Unternehmensverantwortlicher treffen Sie die endg\u00fcltige Entscheidung, wenn es um innovative Ver\u00e4nderungen geht. Sie &#8230;<\/p>\n","protected":false},"author":1,"featured_media":4821,"parent":0,"menu_order":0,"comment_status":"closed","ping_status":"closed","template":"","meta":{"_acf_changed":false,"footnotes":""},"class_list":["post-3525","page","type-page","status-publish","has-post-thumbnail","hentry"],"acf":[],"_links":{"self":[{"href":"https:\/\/sgp-digital.de\/zuz\/wp-json\/wp\/v2\/pages\/3525","targetHints":{"allow":["GET"]}}],"collection":[{"href":"https:\/\/sgp-digital.de\/zuz\/wp-json\/wp\/v2\/pages"}],"about":[{"href":"https:\/\/sgp-digital.de\/zuz\/wp-json\/wp\/v2\/types\/page"}],"author":[{"embeddable":true,"href":"https:\/\/sgp-digital.de\/zuz\/wp-json\/wp\/v2\/users\/1"}],"replies":[{"embeddable":true,"href":"https:\/\/sgp-digital.de\/zuz\/wp-json\/wp\/v2\/comments?post=3525"}],"version-history":[{"count":7,"href":"https:\/\/sgp-digital.de\/zuz\/wp-json\/wp\/v2\/pages\/3525\/revisions"}],"predecessor-version":[{"id":6402,"href":"https:\/\/sgp-digital.de\/zuz\/wp-json\/wp\/v2\/pages\/3525\/revisions\/6402"}],"wp:featuredmedia":[{"embeddable":true,"href":"https:\/\/sgp-digital.de\/zuz\/wp-json\/wp\/v2\/media\/4821"}],"wp:attachment":[{"href":"https:\/\/sgp-digital.de\/zuz\/wp-json\/wp\/v2\/media?parent=3525"}],"curies":[{"name":"wp","href":"https:\/\/api.w.org\/{rel}","templated":true}]}}