{"id":227,"date":"2021-11-24T16:52:22","date_gmt":"2021-11-24T15:52:22","guid":{"rendered":"https:\/\/www.sgp-services.de\/zzki\/?page_id=227"},"modified":"2024-01-12T14:50:15","modified_gmt":"2024-01-12T13:50:15","slug":"impressum","status":"publish","type":"page","link":"https:\/\/sgp-digital.de\/zuz\/impressum\/","title":{"rendered":"Impressum"},"content":{"rendered":"\n<p><strong>ZENIT GmbH<br><\/strong>Zentrum f\u00fcr Innovation und Technik in NRW<\/p>\n\n\n\n<p>Bismarckstra\u00dfe 28<br>45470 M\u00fclheim an der Ruhr<br>Telefon: 0208 30004-88<br>Fax: 0208 30004-60<br><a href=\"mailto:kontakt@zukunftszentrum-ki.nrw\">kontakt@zukunftszentrum-ki.nrw<\/a><br><a class=\"\" href=\"http:\/\/www.zenit.de\/\">www.zenit.de<\/a><\/p>\n\n\n\n<p><strong>Vertretungsberechtigte Gesch\u00e4ftsf\u00fchrer:<br><\/strong>J\u00fcrgen Schnitzmeier, Hans H. Stein<\/p>\n\n\n\n<p><strong>Handelsregistergericht:<br><\/strong>Amtsgericht Duisburg<\/p>\n\n\n\n<p><strong>Handelsregisternummer:<br><\/strong>HRB 14627<\/p>\n\n\n\n<p><strong>Umsatzsteuer-Identifikationsnummer gem\u00e4\u00df \u00a7 27a Umsatzsteuergesetz:<br><\/strong>DE 120 341 640<\/p>\n\n\n\n<p><strong>Inhaltlich Verantwortliche gem\u00e4\u00df \u00a7 55 Abs. 2 RStV:<br><\/strong>J\u00fcrgen Schnitzmeier, Hans H. Stein (siehe obige Anschrift)<\/p>\n\n\n\n<p><strong>Gestaltung und Programmierung:<br><\/strong>SGP GmbH<br>Agentur f\u00fcr Kommunikation und Design<br>Hindenburgstr. 37<br>42853 Remscheid<br><a href=\"mailto:info@sgp.de\">info(at)sgp.de<\/a><br><a href=\"http:\/\/https\/\/www.sgp.de\" target=\"_blank\" rel=\"noreferrer noopener\">www.sgp.de<\/a><\/p>\n\n\n\n<p><strong>Haftungshinweis:<br><\/strong>Trotz sorgf\u00e4ltiger inhaltlicher Kontrolle \u00fcbernimmt die ZENIT GmbH keine Haftung f\u00fcr die Inhalte externer Links.F\u00fcr den Inhalt der verlinkten Seiten sind ausschlie\u00dflich deren Betreiber verantwortlich.<\/p>\n\n\n\n<p><strong>Disclaimer:<br><\/strong>Die von bereitgestellten Informationen sind mit gro\u00dfer Sorgfalt erstellt worden. Fehler sind jedoch nicht v\u00f6llig auszuschlie\u00dfen. F\u00fcr Sch\u00e4den durch Nutzung unserer Seiten haften wir nicht, es sei denn, es liegt vors\u00e4tzliches oder grob fahrl\u00e4ssiges Verschulden der ZENIT GmbH, eines ihrer gesetzlichen Vertreter oder eines ihrer Erf\u00fcllungsgehilfen vor; diese Haftungseinschr\u00e4nkung gilt nicht f\u00fcr Personensch\u00e4den oder die Haftung nach dem Produkthaftungsgesetz.<\/p>\n\n\n\n<p>Soweit wir auf fremde Internetauftritte verweisen (etwa durch Links), handelt es sich lediglich um Hinweise auf fremde Inhalte, die wir uns keinesfalls zu eigen machen. F\u00fcr fremde Internetseiten, auf die wir verweisen, sind allein die Betreiber dieser Seiten verantwortlich.<\/p>\n","protected":false},"excerpt":{"rendered":"<p>ZENIT GmbHZentrum f\u00fcr Innovation und Technik in NRW Bismarckstra\u00dfe 2845470 M\u00fclheim an der RuhrTelefon: 0208 &#8230;<\/p>\n","protected":false},"author":1,"featured_media":321,"parent":0,"menu_order":0,"comment_status":"closed","ping_status":"closed","template":"","meta":{"_acf_changed":false,"footnotes":""},"class_list":["post-227","page","type-page","status-publish","has-post-thumbnail","hentry"],"acf":[],"_links":{"self":[{"href":"https:\/\/sgp-digital.de\/zuz\/wp-json\/wp\/v2\/pages\/227","targetHints":{"allow":["GET"]}}],"collection":[{"href":"https:\/\/sgp-digital.de\/zuz\/wp-json\/wp\/v2\/pages"}],"about":[{"href":"https:\/\/sgp-digital.de\/zuz\/wp-json\/wp\/v2\/types\/page"}],"author":[{"embeddable":true,"href":"https:\/\/sgp-digital.de\/zuz\/wp-json\/wp\/v2\/users\/1"}],"replies":[{"embeddable":true,"href":"https:\/\/sgp-digital.de\/zuz\/wp-json\/wp\/v2\/comments?post=227"}],"version-history":[{"count":8,"href":"https:\/\/sgp-digital.de\/zuz\/wp-json\/wp\/v2\/pages\/227\/revisions"}],"predecessor-version":[{"id":5196,"href":"https:\/\/sgp-digital.de\/zuz\/wp-json\/wp\/v2\/pages\/227\/revisions\/5196"}],"wp:featuredmedia":[{"embeddable":true,"href":"https:\/\/sgp-digital.de\/zuz\/wp-json\/wp\/v2\/media\/321"}],"wp:attachment":[{"href":"https:\/\/sgp-digital.de\/zuz\/wp-json\/wp\/v2\/media?parent=227"}],"curies":[{"name":"wp","href":"https:\/\/api.w.org\/{rel}","templated":true}]}}