{"id":155,"date":"2021-11-11T08:55:38","date_gmt":"2021-11-11T07:55:38","guid":{"rendered":"http:\/\/localhost:8888\/zzki\/?page_id=155"},"modified":"2023-10-18T10:35:39","modified_gmt":"2023-10-18T08:35:39","slug":"unsere-veranstaltungen","status":"publish","type":"page","link":"https:\/\/sgp-digital.de\/zuz\/unsere-veranstaltungen\/","title":{"rendered":"Unsere Veranstaltungen"},"content":{"rendered":"\n<p><meta charset=\"utf-8\"><strong>Know-how vermitteln, vom gemeinsamen Austausch auf Augenh\u00f6he profitieren und Mitarbeitende weiterbilden<\/strong> \u2013 mit den offenen Angeboten des Zukunftszentrums KI NRW st\u00e4rken wir Arbeitgeber:innen- und Arbeitnehmer:innenvertretungen und liefern Anst\u00f6\u00dfe zur Umsetzung in Ihrem Unternehmen.<\/p>\n","protected":false},"excerpt":{"rendered":"<p>Know-how vermitteln, vom gemeinsamen Austausch auf Augenh\u00f6he profitieren und Mitarbeitende weiterbilden \u2013 mit den offenen &#8230;<\/p>\n","protected":false},"author":1,"featured_media":317,"parent":0,"menu_order":0,"comment_status":"closed","ping_status":"closed","template":"","meta":{"_acf_changed":false,"footnotes":""},"class_list":["post-155","page","type-page","status-publish","has-post-thumbnail","hentry"],"acf":[],"_links":{"self":[{"href":"https:\/\/sgp-digital.de\/zuz\/wp-json\/wp\/v2\/pages\/155","targetHints":{"allow":["GET"]}}],"collection":[{"href":"https:\/\/sgp-digital.de\/zuz\/wp-json\/wp\/v2\/pages"}],"about":[{"href":"https:\/\/sgp-digital.de\/zuz\/wp-json\/wp\/v2\/types\/page"}],"author":[{"embeddable":true,"href":"https:\/\/sgp-digital.de\/zuz\/wp-json\/wp\/v2\/users\/1"}],"replies":[{"embeddable":true,"href":"https:\/\/sgp-digital.de\/zuz\/wp-json\/wp\/v2\/comments?post=155"}],"version-history":[{"count":11,"href":"https:\/\/sgp-digital.de\/zuz\/wp-json\/wp\/v2\/pages\/155\/revisions"}],"predecessor-version":[{"id":4816,"href":"https:\/\/sgp-digital.de\/zuz\/wp-json\/wp\/v2\/pages\/155\/revisions\/4816"}],"wp:featuredmedia":[{"embeddable":true,"href":"https:\/\/sgp-digital.de\/zuz\/wp-json\/wp\/v2\/media\/317"}],"wp:attachment":[{"href":"https:\/\/sgp-digital.de\/zuz\/wp-json\/wp\/v2\/media?parent=155"}],"curies":[{"name":"wp","href":"https:\/\/api.w.org\/{rel}","templated":true}]}}